{"id":7,"date":"2023-12-02T14:53:10","date_gmt":"2023-12-02T13:53:10","guid":{"rendered":"https:\/\/gustavobargellini-libros.com.ar\/?page_id=7"},"modified":"2026-01-11T00:27:15","modified_gmt":"2026-01-10T23:27:15","slug":"inicio","status":"publish","type":"page","link":"https:\/\/gustavobargellini-libros.com.ar\/","title":{"rendered":"INICIO"},"content":{"rendered":"\n\n\t\t\t\t<img decoding=\"async\" src=\"http:\/\/gustavobargellini-libros.com.ar\/wp-content\/uploads\/2026\/01\/Agregar-al-borde-inf-1.png\" alt=\"Agregar al borde inf (1)\" itemprop=\"image\" title=\"Agregar al borde inf (1)\" onerror=\"this.style.display='none'\" loading=\"lazy\" \/>\n\t\t\t\t<img decoding=\"async\" src=\"http:\/\/gustavobargellini-libros.com.ar\/wp-content\/uploads\/2024\/09\/imagen-de-inicio-copia.jpg\" alt=\"imagen de inicio copia\" itemprop=\"image\" title=\"imagen de inicio copia\" onerror=\"this.style.display='none'\" loading=\"lazy\" \/>\n\t\t\t\t<img decoding=\"async\" src=\"http:\/\/gustavobargellini-libros.com.ar\/wp-content\/uploads\/2025\/08\/FERIA-DE-LIBRO-DE-CALAFATE.jpg\" alt=\"FERIA DE LIBRO DE CALAFATE\" itemprop=\"image\" title=\"FERIA DE LIBRO DE CALAFATE\" onerror=\"this.style.display='none'\" loading=\"lazy\" \/>\n\t\t\t\t<img decoding=\"async\" src=\"http:\/\/gustavobargellini-libros.com.ar\/wp-content\/uploads\/2025\/02\/02-ENTREVISTA.jpg\" alt=\"02 - ENTREVISTA\" itemprop=\"image\" title=\"02 - ENTREVISTA\" onerror=\"this.style.display='none'\" loading=\"lazy\" \/>\n\t\t<meta itemprop=\"url\" content=\"https:\/\/gustavobargellini-libros.com.ar\/wp-content\/uploads\/2025\/07\/EXEQUIEL.mp4\" \/><div style=\"width: 640px;\" class=\"wp-video\"><video class=\"wp-video-shortcode\" id=\"video-7-1\" width=\"640\" height=\"360\" preload=\"metadata\" controls=\"controls\"><source type=\"video\/mp4\" src=\"https:\/\/gustavobargellini-libros.com.ar\/wp-content\/uploads\/2025\/07\/EXEQUIEL.mp4?_=1\" \/><source type=\"video\/mp4\" src=\"https:\/\/gustavobargellini-libros.com.ar\/wp-content\/uploads\/2025\/07\/EXEQUIEL.mp4?_=1\" \/><a href=\"https:\/\/gustavobargellini-libros.com.ar\/wp-content\/uploads\/2025\/07\/EXEQUIEL.mp4\">https:\/\/gustavobargellini-libros.com.ar\/wp-content\/uploads\/2025\/07\/EXEQUIEL.mp4<\/a><\/video><\/div>\t\n\t\t<meta itemprop=\"url\" content=\"https:\/\/gustavobargellini-libros.com.ar\/wp-content\/uploads\/2025\/04\/PRESENACION-SEBASTIAN.mp4\" \/><div style=\"width: 640px;\" class=\"wp-video\"><video class=\"wp-video-shortcode\" id=\"video-7-2\" width=\"640\" height=\"360\" preload=\"metadata\" controls=\"controls\"><source type=\"video\/mp4\" src=\"https:\/\/gustavobargellini-libros.com.ar\/wp-content\/uploads\/2025\/04\/PRESENACION-SEBASTIAN.mp4?_=2\" \/><source type=\"video\/mp4\" src=\"https:\/\/gustavobargellini-libros.com.ar\/wp-content\/uploads\/2025\/04\/PRESENACION-SEBASTIAN.mp4?_=2\" \/><a href=\"https:\/\/gustavobargellini-libros.com.ar\/wp-content\/uploads\/2025\/04\/PRESENACION-SEBASTIAN.mp4\">https:\/\/gustavobargellini-libros.com.ar\/wp-content\/uploads\/2025\/04\/PRESENACION-SEBASTIAN.mp4<\/a><\/video><\/div>\t\n\t\t<meta itemprop=\"url\" content=\"https:\/\/gustavobargellini-libros.com.ar\/wp-content\/uploads\/2025\/05\/SANADORES-DE-ALMAS.mp4\" \/><div style=\"width: 640px;\" class=\"wp-video\"><video class=\"wp-video-shortcode\" id=\"video-7-3\" width=\"640\" height=\"360\" preload=\"metadata\" controls=\"controls\"><source type=\"video\/mp4\" src=\"https:\/\/gustavobargellini-libros.com.ar\/wp-content\/uploads\/2025\/05\/SANADORES-DE-ALMAS.mp4?_=3\" \/><source type=\"video\/mp4\" src=\"https:\/\/gustavobargellini-libros.com.ar\/wp-content\/uploads\/2025\/05\/SANADORES-DE-ALMAS.mp4?_=3\" \/><a href=\"https:\/\/gustavobargellini-libros.com.ar\/wp-content\/uploads\/2025\/05\/SANADORES-DE-ALMAS.mp4\">https:\/\/gustavobargellini-libros.com.ar\/wp-content\/uploads\/2025\/05\/SANADORES-DE-ALMAS.mp4<\/a><\/video><\/div>\t\n\t\t\t\t<img decoding=\"async\" src=\"http:\/\/gustavobargellini-libros.com.ar\/wp-content\/uploads\/2024\/12\/LA-BALANDRA-direccion-1.jpg\" alt=\"LA BALANDRA direcci\u00f3n (1)\" itemprop=\"image\" title=\"LA BALANDRA direcci\u00f3n (1)\" onerror=\"this.style.display='none'\" loading=\"lazy\" \/>\n\t\t\t\t<a href=\"https:\/\/libroscreativa.com.ar\/search?q=gustavo+b\"  target=\"_blank\" rel=\"noopener\"  itemprop=\"url\">\n\t\t\t\t<img decoding=\"async\" src=\"https:\/\/gustavobargellini-libros.com.ar\/wp-content\/uploads\/2025\/01\/ANUNCIO-PARA-PAGINA-jpg.jpg\" alt=\"ANUNCIO PARA PAGINA jpg\" itemprop=\"image\" height=\"1080\" width=\"1080\" title=\"ANUNCIO PARA PAGINA jpg\" onerror=\"this.style.display='none'\" loading=\"lazy\" \/>\n\t\t\t\t<\/a>\n\t\t<meta itemprop=\"url\" content=\"https:\/\/gustavobargellini-libros.com.ar\/wp-content\/uploads\/2025\/01\/TERCERO-COMPRIMIDO.mp4\" \/><div style=\"width: 640px;\" class=\"wp-video\"><video class=\"wp-video-shortcode\" id=\"video-7-4\" width=\"640\" height=\"360\" preload=\"metadata\" controls=\"controls\"><source type=\"video\/mp4\" src=\"https:\/\/gustavobargellini-libros.com.ar\/wp-content\/uploads\/2025\/01\/TERCERO-COMPRIMIDO.mp4?_=4\" \/><source type=\"video\/mp4\" src=\"https:\/\/gustavobargellini-libros.com.ar\/wp-content\/uploads\/2025\/01\/TERCERO-COMPRIMIDO.mp4?_=4\" \/><a href=\"https:\/\/gustavobargellini-libros.com.ar\/wp-content\/uploads\/2025\/01\/TERCERO-COMPRIMIDO.mp4\">https:\/\/gustavobargellini-libros.com.ar\/wp-content\/uploads\/2025\/01\/TERCERO-COMPRIMIDO.mp4<\/a><\/video><\/div>\t\n\t\t<meta itemprop=\"url\" content=\"https:\/\/gustavobargellini-libros.com.ar\/wp-content\/uploads\/2024\/11\/video-de-preventa-de-rebelion_Tk1HCaR1.mp4\" \/><div style=\"width: 640px;\" class=\"wp-video\"><video class=\"wp-video-shortcode\" id=\"video-7-5\" width=\"640\" height=\"360\" preload=\"metadata\" controls=\"controls\"><source type=\"video\/mp4\" src=\"https:\/\/gustavobargellini-libros.com.ar\/wp-content\/uploads\/2024\/11\/video-de-preventa-de-rebelion_Tk1HCaR1.mp4?_=5\" \/><source type=\"video\/mp4\" src=\"https:\/\/gustavobargellini-libros.com.ar\/wp-content\/uploads\/2024\/11\/video-de-preventa-de-rebelion_Tk1HCaR1.mp4?_=5\" \/><a href=\"https:\/\/gustavobargellini-libros.com.ar\/wp-content\/uploads\/2024\/11\/video-de-preventa-de-rebelion_Tk1HCaR1.mp4\">https:\/\/gustavobargellini-libros.com.ar\/wp-content\/uploads\/2024\/11\/video-de-preventa-de-rebelion_Tk1HCaR1.mp4<\/a><\/video><\/div>\t\n\t\t<meta itemprop=\"url\" content=\"https:\/\/gustavobargellini-libros.com.ar\/wp-content\/uploads\/2024\/10\/video-de-Florencia-comprimido.mp4\" \/><div style=\"width: 640px;\" class=\"wp-video\"><video class=\"wp-video-shortcode\" id=\"video-7-6\" width=\"640\" height=\"360\" preload=\"metadata\" controls=\"controls\"><source type=\"video\/mp4\" src=\"https:\/\/gustavobargellini-libros.com.ar\/wp-content\/uploads\/2024\/10\/video-de-Florencia-comprimido.mp4?_=6\" \/><source type=\"video\/mp4\" src=\"https:\/\/gustavobargellini-libros.com.ar\/wp-content\/uploads\/2024\/10\/video-de-Florencia-comprimido.mp4?_=6\" \/><a href=\"https:\/\/gustavobargellini-libros.com.ar\/wp-content\/uploads\/2024\/10\/video-de-Florencia-comprimido.mp4\">https:\/\/gustavobargellini-libros.com.ar\/wp-content\/uploads\/2024\/10\/video-de-Florencia-comprimido.mp4<\/a><\/video><\/div>\t\n\t\t<meta itemprop=\"url\" content=\"https:\/\/gustavobargellini-libros.com.ar\/wp-content\/uploads\/2024\/08\/OPINION-DE-AGUSTINA-COMPRESION-2.mp4\" \/><div style=\"width: 640px;\" class=\"wp-video\"><video class=\"wp-video-shortcode\" id=\"video-7-7\" width=\"640\" height=\"360\" preload=\"metadata\" controls=\"controls\"><source type=\"video\/mp4\" src=\"https:\/\/gustavobargellini-libros.com.ar\/wp-content\/uploads\/2024\/08\/OPINION-DE-AGUSTINA-COMPRESION-2.mp4?_=7\" \/><source type=\"video\/mp4\" src=\"https:\/\/gustavobargellini-libros.com.ar\/wp-content\/uploads\/2024\/08\/OPINION-DE-AGUSTINA-COMPRESION-2.mp4?_=7\" \/><a href=\"https:\/\/gustavobargellini-libros.com.ar\/wp-content\/uploads\/2024\/08\/OPINION-DE-AGUSTINA-COMPRESION-2.mp4\">https:\/\/gustavobargellini-libros.com.ar\/wp-content\/uploads\/2024\/08\/OPINION-DE-AGUSTINA-COMPRESION-2.mp4<\/a><\/video><\/div>\t\n\t\t<meta itemprop=\"url\" content=\"https:\/\/gustavobargellini-libros.com.ar\/wp-content\/uploads\/2025\/01\/caro-flotandoentrelineas-tic-tac_qr0WBGge.mp4\" \/><div style=\"width: 640px;\" class=\"wp-video\"><video class=\"wp-video-shortcode\" id=\"video-7-8\" width=\"640\" height=\"360\" preload=\"metadata\" controls=\"controls\"><source type=\"video\/mp4\" src=\"https:\/\/gustavobargellini-libros.com.ar\/wp-content\/uploads\/2025\/01\/caro-flotandoentrelineas-tic-tac_qr0WBGge.mp4?_=8\" \/><source type=\"video\/mp4\" src=\"https:\/\/gustavobargellini-libros.com.ar\/wp-content\/uploads\/2025\/01\/caro-flotandoentrelineas-tic-tac_qr0WBGge.mp4?_=8\" \/><a href=\"https:\/\/gustavobargellini-libros.com.ar\/wp-content\/uploads\/2025\/01\/caro-flotandoentrelineas-tic-tac_qr0WBGge.mp4\">https:\/\/gustavobargellini-libros.com.ar\/wp-content\/uploads\/2025\/01\/caro-flotandoentrelineas-tic-tac_qr0WBGge.mp4<\/a><\/video><\/div>\t\n\t\t<meta itemprop=\"url\" content=\"https:\/\/gustavobargellini-libros.com.ar\/wp-content\/uploads\/2024\/12\/RESENA-DE-VISITANTES.mp4\" \/><div style=\"width: 640px;\" class=\"wp-video\"><video class=\"wp-video-shortcode\" id=\"video-7-9\" width=\"640\" height=\"360\" preload=\"metadata\" controls=\"controls\"><source type=\"video\/mp4\" src=\"https:\/\/gustavobargellini-libros.com.ar\/wp-content\/uploads\/2024\/12\/RESENA-DE-VISITANTES.mp4?_=9\" \/><source type=\"video\/mp4\" src=\"https:\/\/gustavobargellini-libros.com.ar\/wp-content\/uploads\/2024\/12\/RESENA-DE-VISITANTES.mp4?_=9\" \/><a href=\"https:\/\/gustavobargellini-libros.com.ar\/wp-content\/uploads\/2024\/12\/RESENA-DE-VISITANTES.mp4\">https:\/\/gustavobargellini-libros.com.ar\/wp-content\/uploads\/2024\/12\/RESENA-DE-VISITANTES.mp4<\/a><\/video><\/div>\t\n\t\t\t\t<img decoding=\"async\" src=\"http:\/\/gustavobargellini-libros.com.ar\/wp-content\/uploads\/2025\/01\/VLADIMIR-DIARIO-DE-MIS-LECTURAS-cuadrado-1.jpg\" alt=\"VLADIMIR DIARIO DE MIS LECTURAS cuadrado (1)\" itemprop=\"image\" title=\"VLADIMIR DIARIO DE MIS LECTURAS cuadrado (1)\" onerror=\"this.style.display='none'\" loading=\"lazy\" \/>\n\t<h2>diario_de_mis_lecturasss<\/h2>\n\ud83d\udd75\ufe0f\u200d\u2642\ufe0fT\u00edtulo: Vladimir<br \/>\n\ud83d\udd75\ufe0f\u200d\u2642\ufe0fEscritor: Gustavo Bargellini<br \/>\n\ud83d\udd75\ufe0f\u200d\u2642\ufe0fEditorial: Trasciende<br \/>\n\ud83d\udd75\ufe0f\u200d\u2642\ufe0fCategor\u00eda: policiaca\/novela negra\n<p>PUNTUACI\u00d3N: \u2b50\ufe0f\u2b50\ufe0f\u2b50\ufe0f\u2b50\ufe0f\u2b50\ufe0f 5\/5<\/p>\n<p>OPINI\u00d3N:<\/p>\n<p>-\u00a1Alucinante trama la de este libro, madre m\u00eda!!<\/p>\n<p>&#8211; Cuatro locos que matan por capricho, no sin antes torturar hasta la saciedad y sin esconderse de la polic\u00eda en absoluto.<\/p>\n<p>&#8211; Me encant\u00f3 Tic Tac y me ha encantado Vladimir!!!<\/p>\n<p>&#8211; 5 de 5 \u2b50\ufe0f!!!<\/p>\n<p>RESE\u00d1A:<\/p>\n<p>&#8211; Eugenia Dramonde ( polic\u00eda) se convierte en el objetivo de una serie de personas (por llamarlas de una manera educada) que se hacen llamar &#8220;los amigos del se\u00f1or\u00bf?&#8221; y que, mientras llega el momento de acabar con su vida, se dedican a ir de cacer\u00eda&#8230;.HUMANA!!!, para torturarlos hasta la muerte por mero placer, aunque a uno de los componentes de &#8220;los amigos del se\u00f1or\u00bf? le gusta algo m\u00e1s que cazar y torturar a seres humanos&#8230;..pero, para saber qu\u00e9, tendr\u00e1s que leerte el libro.<\/p>\n\t\t<meta itemprop=\"url\" content=\"https:\/\/gustavobargellini-libros.com.ar\/wp-content\/uploads\/2025\/01\/mira-como-me-hace-leer-ciencia-ficcion-gustavobargellinilibros-quien-me-ha-1lys3_e6Ybkuyz.mp4\" \/><div style=\"width: 640px;\" class=\"wp-video\"><video class=\"wp-video-shortcode\" id=\"video-7-10\" width=\"640\" height=\"360\" preload=\"metadata\" controls=\"controls\"><source type=\"video\/mp4\" src=\"https:\/\/gustavobargellini-libros.com.ar\/wp-content\/uploads\/2025\/01\/mira-como-me-hace-leer-ciencia-ficcion-gustavobargellinilibros-quien-me-ha-1lys3_e6Ybkuyz.mp4?_=10\" \/><source type=\"video\/mp4\" src=\"https:\/\/gustavobargellini-libros.com.ar\/wp-content\/uploads\/2025\/01\/mira-como-me-hace-leer-ciencia-ficcion-gustavobargellinilibros-quien-me-ha-1lys3_e6Ybkuyz.mp4?_=10\" \/><a href=\"https:\/\/gustavobargellini-libros.com.ar\/wp-content\/uploads\/2025\/01\/mira-como-me-hace-leer-ciencia-ficcion-gustavobargellinilibros-quien-me-ha-1lys3_e6Ybkuyz.mp4\">https:\/\/gustavobargellini-libros.com.ar\/wp-content\/uploads\/2025\/01\/mira-como-me-hace-leer-ciencia-ficcion-gustavobargellinilibros-quien-me-ha-1lys3_e6Ybkuyz.mp4<\/a><\/video><\/div>\t\n\t<p>\u00a1Fant\u00e1stica, como siempre, tu rese\u00f1a, Flor!<\/p>\n<p>Te agradezco mucho que hayas le\u00eddo mi libro, y es un orgullo que te hayas gustado.<\/p>\n\n<p>REBELI\u00d3N es la precuela de la historia comenzada con VISITANTES, esta historia de ficci\u00f3n que contin\u00faa y cierra con EL TRASLADO.<\/p>\n\n<p>Para adquirirlos, tanto en formato f\u00edsico como en Ebook,comun\u00edcate conmigo por mensaje privado en mi perfil de Instagram o escribime al mail: <a href=\"mailto:bargeprivado@gmail.com\">bargeprivado@gmail.com<\/a><\/p>\n\n<p>En CABA tambi\u00e9n los pod\u00e9s conseguir en la librer\u00eda La Balandra, M\u00e9xico 2918.<\/p>\n\t\t\t\t<a href=\"https:\/\/www.instagram.com\/gustavobargellinilibros\/\"  target=\"_blank\" rel=\"noopener\"  itemprop=\"url\">\n\t\t\t\t<img decoding=\"async\" src=\"https:\/\/gustavobargellini-libros.com.ar\/wp-content\/uploads\/2023\/12\/instagram-1-150x150.jpeg\" alt=\"instagram (1)\" itemprop=\"image\" height=\"150\" width=\"150\" title=\"instagram (1)\" onerror=\"this.style.display='none'\" loading=\"lazy\" \/>\n\t\t\t\t<\/a>\n\n","protected":false},"excerpt":{"rendered":"<p>diario_de_mis_lecturasss \ud83d\udd75\ufe0f\u200d\u2642\ufe0fT\u00edtulo: Vladimir \ud83d\udd75\ufe0f\u200d\u2642\ufe0fEscritor: Gustavo Bargellini \ud83d\udd75\ufe0f\u200d\u2642\ufe0fEditorial: Trasciende \ud83d\udd75\ufe0f\u200d\u2642\ufe0fCategor\u00eda: policiaca\/novela negra PUNTUACI\u00d3N: \u2b50\ufe0f\u2b50\ufe0f\u2b50\ufe0f\u2b50\ufe0f\u2b50\ufe0f 5\/5 OPINI\u00d3N: -\u00a1Alucinante trama la de este libro, madre m\u00eda!! &#8211; Cuatro locos que matan por capricho, no sin antes torturar hasta la saciedad y sin esconderse de la polic\u00eda en absoluto. &#8211; Me encant\u00f3 Tic Tac y me ha encantado Vladimir!!! [&hellip;]<\/p>\n","protected":false},"author":1,"featured_media":0,"parent":0,"menu_order":0,"comment_status":"closed","ping_status":"closed","template":"","meta":{"_monsterinsights_skip_tracking":false,"_monsterinsights_sitenote_active":false,"_monsterinsights_sitenote_note":"","_monsterinsights_sitenote_category":0,"site-sidebar-layout":"no-sidebar","site-content-layout":"","ast-site-content-layout":"full-width-container","site-content-style":"default","site-sidebar-style":"default","ast-global-header-display":"","ast-banner-title-visibility":"","ast-main-header-display":"","ast-hfb-above-header-display":"","ast-hfb-below-header-display":"","ast-hfb-mobile-header-display":"","site-post-title":"disabled","ast-breadcrumbs-content":"","ast-featured-img":"disabled","footer-sml-layout":"","ast-disable-related-posts":"","theme-transparent-header-meta":"","adv-header-id-meta":"","stick-header-meta":"","header-above-stick-meta":"","header-main-stick-meta":"","header-below-stick-meta":"","astra-migrate-meta-layouts":"default","ast-page-background-enabled":"default","ast-page-background-meta":{"desktop":{"background-color":"var(--ast-global-color-4)","background-image":"","background-repeat":"repeat","background-position":"center center","background-size":"auto","background-attachment":"scroll","background-type":"","background-media":"","overlay-type":"","overlay-color":"","overlay-opacity":"","overlay-gradient":""},"tablet":{"background-color":"","background-image":"","background-repeat":"repeat","background-position":"center center","background-size":"auto","background-attachment":"scroll","background-type":"","background-media":"","overlay-type":"","overlay-color":"","overlay-opacity":"","overlay-gradient":""},"mobile":{"background-color":"","background-image":"","background-repeat":"repeat","background-position":"center center","background-size":"auto","background-attachment":"scroll","background-type":"","background-media":"","overlay-type":"","overlay-color":"","overlay-opacity":"","overlay-gradient":""}},"ast-content-background-meta":{"desktop":{"background-color":"var(--ast-global-color-5)","background-image":"","background-repeat":"repeat","background-position":"center center","background-size":"auto","background-attachment":"scroll","background-type":"","background-media":"","overlay-type":"","overlay-color":"","overlay-opacity":"","overlay-gradient":""},"tablet":{"background-color":"var(--ast-global-color-5)","background-image":"","background-repeat":"repeat","background-position":"center center","background-size":"auto","background-attachment":"scroll","background-type":"","background-media":"","overlay-type":"","overlay-color":"","overlay-opacity":"","overlay-gradient":""},"mobile":{"background-color":"var(--ast-global-color-5)","background-image":"","background-repeat":"repeat","background-position":"center center","background-size":"auto","background-attachment":"scroll","background-type":"","background-media":"","overlay-type":"","overlay-color":"","overlay-opacity":"","overlay-gradient":""}},"footnotes":""},"class_list":["post-7","page","type-page","status-publish","hentry"],"_links":{"self":[{"href":"https:\/\/gustavobargellini-libros.com.ar\/index.php?rest_route=\/wp\/v2\/pages\/7","targetHints":{"allow":["GET"]}}],"collection":[{"href":"https:\/\/gustavobargellini-libros.com.ar\/index.php?rest_route=\/wp\/v2\/pages"}],"about":[{"href":"https:\/\/gustavobargellini-libros.com.ar\/index.php?rest_route=\/wp\/v2\/types\/page"}],"author":[{"embeddable":true,"href":"https:\/\/gustavobargellini-libros.com.ar\/index.php?rest_route=\/wp\/v2\/users\/1"}],"replies":[{"embeddable":true,"href":"https:\/\/gustavobargellini-libros.com.ar\/index.php?rest_route=%2Fwp%2Fv2%2Fcomments&post=7"}],"version-history":[{"count":11,"href":"https:\/\/gustavobargellini-libros.com.ar\/index.php?rest_route=\/wp\/v2\/pages\/7\/revisions"}],"predecessor-version":[{"id":697,"href":"https:\/\/gustavobargellini-libros.com.ar\/index.php?rest_route=\/wp\/v2\/pages\/7\/revisions\/697"}],"wp:attachment":[{"href":"https:\/\/gustavobargellini-libros.com.ar\/index.php?rest_route=%2Fwp%2Fv2%2Fmedia&parent=7"}],"curies":[{"name":"wp","href":"https:\/\/api.w.org\/{rel}","templated":true}]}}