{"id":67,"date":"2023-12-04T00:24:56","date_gmt":"2023-12-03T23:24:56","guid":{"rendered":"https:\/\/gustavobargellini-libros.com.ar\/?page_id=67"},"modified":"2025-01-29T13:02:07","modified_gmt":"2025-01-29T12:02:07","slug":"vladimir","status":"publish","type":"page","link":"https:\/\/gustavobargellini-libros.com.ar\/?page_id=67","title":{"rendered":"VLADIMIR"},"content":{"rendered":"\n<h1>\n\t\tNovela Policial Negra &#8211; Eugenia Dramonde II\n\t<\/h1>\n\t\t\t\t<img decoding=\"async\" src=\"http:\/\/gustavobargellini-libros.com.ar\/wp-content\/uploads\/2024\/09\/Vladimir-Tapa-10-11-23_02.-Tapa.jpg\" alt=\"Vladimir - Tapa 10-11-23_02. Tapa\" itemprop=\"image\" title=\"Vladimir - Tapa 10-11-23_02. Tapa\" onerror=\"this.style.display='none'\"  \/>\n\t\t\t\t<img decoding=\"async\" src=\"http:\/\/gustavobargellini-libros.com.ar\/wp-content\/uploads\/2024\/09\/Vladimir-Tapa-10-11-23_03.-Contratapa.jpg\" alt=\"Vladimir - Tapa 10-11-23_03. Contratapa\" itemprop=\"image\" title=\"Vladimir - Tapa 10-11-23_03. Contratapa\" onerror=\"this.style.display='none'\"  \/>\n\t<p>ALGUNOS COMENTARIOS<\/p>\n\t<p><strong>Critica literaria<\/strong><\/p>\n<p>Vladimir\u00a0es una novela escrita por\u00a0Gustavo Bargellini.<\/p>\n<p>En esta intrigante historia,\u00a0Vladimir\u00a0y sus amigos asesinos llevan a cabo un safari de cacer\u00eda humana en Argentina. <\/p>\n<p>Adem\u00e1s de divertirse, tienen el objetivo de\u00a0terminar con lo que el se\u00f1or \u00bf? dej\u00f3 inconcluso.<\/p>\n<p>Se enfrentar\u00e1n con la inspectora\u00a0Eugenia Dramonde\u00a0y su equipo.\u00a0<\/p>\n<p><a href=\"https:\/\/www.overdrive.com\/media\/10371579\/vladimir\">\u00bfQui\u00e9n cazar\u00e1 a qui\u00e9n? <\/a><\/p>\n<p>Una trama electrizante que ahonda en la maldad y el placer hacia el sadismo<\/p>\n\t<p><strong>Silvia, una amiga lectora<\/strong><\/p>\n<p>\u00a1\u00a1Acabo de terminar Vladimir y como siempre estoy en shock !!<\/p>\n<p>\u00a1\u00a1C\u00f3mo te dije la otra vez me parecen s\u00faper cinematogr\u00e1ficos !! <\/p>\n<p>\u00a1No pod\u00e9s parar de leer hasta terminarlo! \u00a1\u00a1\u00a1Atrapante!!!<\/p>\n<p>\u00a1\u00a1Por momentos me hel\u00f3 la sangre&#8230; pero qued\u00e9 con un sabor dulce que te da la esperanza en el amor!!<\/p>\n<p>\u00a1\u00a1\u00a1Me encant\u00f3 Gus!!! \u00a1\u00a1\u00a1Gracias!!!<\/p>\n\t<meta itemprop=\"url\" content=\"https:\/\/gustavobargellini-libros.com.ar\/wp-content\/uploads\/2024\/12\/video-de-florencia-acerca-de-vladimir_omnWKhtq.mp4\" \/><div style=\"width: 640px;\" class=\"wp-video\"><video class=\"wp-video-shortcode\" id=\"video-67-1\" width=\"640\" height=\"360\" preload=\"metadata\" controls=\"controls\"><source type=\"video\/mp4\" src=\"https:\/\/gustavobargellini-libros.com.ar\/wp-content\/uploads\/2024\/12\/video-de-florencia-acerca-de-vladimir_omnWKhtq.mp4?_=1\" \/><source type=\"video\/mp4\" src=\"https:\/\/gustavobargellini-libros.com.ar\/wp-content\/uploads\/2024\/12\/video-de-florencia-acerca-de-vladimir_omnWKhtq.mp4?_=1\" \/><a href=\"https:\/\/gustavobargellini-libros.com.ar\/wp-content\/uploads\/2024\/12\/video-de-florencia-acerca-de-vladimir_omnWKhtq.mp4\">https:\/\/gustavobargellini-libros.com.ar\/wp-content\/uploads\/2024\/12\/video-de-florencia-acerca-de-vladimir_omnWKhtq.mp4<\/a><\/video><\/div>\n\t\t\t\t<img decoding=\"async\" src=\"http:\/\/gustavobargellini-libros.com.ar\/wp-content\/uploads\/2025\/01\/VLADIMIR-DIARIO-DE-MIS-LECTURAS-cuadrado-1.jpg\" alt=\"VLADIMIR DIARIO DE MIS LECTURAS cuadrado (1)\" itemprop=\"image\" title=\"VLADIMIR DIARIO DE MIS LECTURAS cuadrado (1)\" onerror=\"this.style.display='none'\"  \/>\n\t<h2>diario_de_mis_lecturasss<\/h2>\n\ud83d\udd75\ufe0f\u200d\u2642\ufe0fT\u00edtulo: Vladimir<br \/>\n\ud83d\udd75\ufe0f\u200d\u2642\ufe0fEscritor: Gustavo Bargellini<br \/>\n\ud83d\udd75\ufe0f\u200d\u2642\ufe0fEditorial: Trasciende<br \/>\n\ud83d\udd75\ufe0f\u200d\u2642\ufe0fCategor\u00eda: policiaca\/novela negra\n<p>PUNTUACI\u00d3N: \u2b50\ufe0f\u2b50\ufe0f\u2b50\ufe0f\u2b50\ufe0f\u2b50\ufe0f 5\/5<\/p>\n<p>OPINI\u00d3N:<\/p>\n<p>-\u00a1Alucinante trama la de este libro, madre m\u00eda!!<\/p>\n<p>&#8211; Cuatro locos que matan por capricho, no sin antes torturar hasta la saciedad y sin esconderse de la polic\u00eda en absoluto.<\/p>\n<p>&#8211; Me encant\u00f3 Tic Tac y me ha encantado Vladimir!!!<\/p>\n<p>&#8211; 5 de 5 \u2b50\ufe0f!!!<\/p>\n<p>RESE\u00d1A:<\/p>\n<p>&#8211; Eugenia Dramonde ( polic\u00eda) se convierte en el objetivo de una serie de personas (por llamarlas de una manera educada) que se hacen llamar &#8220;los amigos del se\u00f1or\u00bf?&#8221; y que, mientras llega el momento de acabar con su vida, se dedican a ir de cacer\u00eda&#8230;.HUMANA!!!, para torturarlos hasta la muerte por mero placer, aunque a uno de los componentes de &#8220;los amigos del se\u00f1or\u00bf? le gusta algo m\u00e1s que cazar y torturar a seres humanos&#8230;..pero, para saber qu\u00e9, tendr\u00e1s que leerte el libro.<\/p>\n\t\t\t<a href=\"https:\/\/gustavobargellini-libros.com.ar\/\" target=\"_self\">\n\t\t\t\t\t\t\tVolver al inicio\n\t\t\t\t\t<\/a>\n\n","protected":false},"excerpt":{"rendered":"<p>Novela Policial Negra &#8211; Eugenia Dramonde II ALGUNOS COMENTARIOS Critica literaria Vladimir\u00a0es una novela escrita por\u00a0Gustavo Bargellini. En esta intrigante historia,\u00a0Vladimir\u00a0y sus amigos asesinos llevan a cabo un safari de cacer\u00eda humana en Argentina. Adem\u00e1s de divertirse, tienen el objetivo de\u00a0terminar con lo que el se\u00f1or \u00bf? dej\u00f3 inconcluso. Se enfrentar\u00e1n con la inspectora\u00a0Eugenia Dramonde\u00a0y [&hellip;]<\/p>\n","protected":false},"author":1,"featured_media":0,"parent":0,"menu_order":0,"comment_status":"closed","ping_status":"closed","template":"","meta":{"_monsterinsights_skip_tracking":false,"_monsterinsights_sitenote_active":false,"_monsterinsights_sitenote_note":"","_monsterinsights_sitenote_category":0,"site-sidebar-layout":"default","site-content-layout":"","ast-site-content-layout":"default","site-content-style":"default","site-sidebar-style":"default","ast-global-header-display":"","ast-banner-title-visibility":"","ast-main-header-display":"","ast-hfb-above-header-display":"","ast-hfb-below-header-display":"","ast-hfb-mobile-header-display":"","site-post-title":"","ast-breadcrumbs-content":"","ast-featured-img":"","footer-sml-layout":"","ast-disable-related-posts":"","theme-transparent-header-meta":"","adv-header-id-meta":"","stick-header-meta":"","header-above-stick-meta":"","header-main-stick-meta":"","header-below-stick-meta":"","astra-migrate-meta-layouts":"default","ast-page-background-enabled":"default","ast-page-background-meta":{"desktop":{"background-color":"var(--ast-global-color-4)","background-image":"","background-repeat":"repeat","background-position":"center center","background-size":"auto","background-attachment":"scroll","background-type":"","background-media":"","overlay-type":"","overlay-color":"","overlay-opacity":"","overlay-gradient":""},"tablet":{"background-color":"","background-image":"","background-repeat":"repeat","background-position":"center center","background-size":"auto","background-attachment":"scroll","background-type":"","background-media":"","overlay-type":"","overlay-color":"","overlay-opacity":"","overlay-gradient":""},"mobile":{"background-color":"","background-image":"","background-repeat":"repeat","background-position":"center center","background-size":"auto","background-attachment":"scroll","background-type":"","background-media":"","overlay-type":"","overlay-color":"","overlay-opacity":"","overlay-gradient":""}},"ast-content-background-meta":{"desktop":{"background-color":"var(--ast-global-color-5)","background-image":"","background-repeat":"repeat","background-position":"center center","background-size":"auto","background-attachment":"scroll","background-type":"","background-media":"","overlay-type":"","overlay-color":"","overlay-opacity":"","overlay-gradient":""},"tablet":{"background-color":"var(--ast-global-color-5)","background-image":"","background-repeat":"repeat","background-position":"center center","background-size":"auto","background-attachment":"scroll","background-type":"","background-media":"","overlay-type":"","overlay-color":"","overlay-opacity":"","overlay-gradient":""},"mobile":{"background-color":"var(--ast-global-color-5)","background-image":"","background-repeat":"repeat","background-position":"center center","background-size":"auto","background-attachment":"scroll","background-type":"","background-media":"","overlay-type":"","overlay-color":"","overlay-opacity":"","overlay-gradient":""}},"footnotes":""},"class_list":["post-67","page","type-page","status-publish","hentry"],"_links":{"self":[{"href":"https:\/\/gustavobargellini-libros.com.ar\/index.php?rest_route=\/wp\/v2\/pages\/67","targetHints":{"allow":["GET"]}}],"collection":[{"href":"https:\/\/gustavobargellini-libros.com.ar\/index.php?rest_route=\/wp\/v2\/pages"}],"about":[{"href":"https:\/\/gustavobargellini-libros.com.ar\/index.php?rest_route=\/wp\/v2\/types\/page"}],"author":[{"embeddable":true,"href":"https:\/\/gustavobargellini-libros.com.ar\/index.php?rest_route=\/wp\/v2\/users\/1"}],"replies":[{"embeddable":true,"href":"https:\/\/gustavobargellini-libros.com.ar\/index.php?rest_route=%2Fwp%2Fv2%2Fcomments&post=67"}],"version-history":[{"count":22,"href":"https:\/\/gustavobargellini-libros.com.ar\/index.php?rest_route=\/wp\/v2\/pages\/67\/revisions"}],"predecessor-version":[{"id":625,"href":"https:\/\/gustavobargellini-libros.com.ar\/index.php?rest_route=\/wp\/v2\/pages\/67\/revisions\/625"}],"wp:attachment":[{"href":"https:\/\/gustavobargellini-libros.com.ar\/index.php?rest_route=%2Fwp%2Fv2%2Fmedia&parent=67"}],"curies":[{"name":"wp","href":"https:\/\/api.w.org\/{rel}","templated":true}]}}