{"id":65,"date":"2023-12-04T00:24:31","date_gmt":"2023-12-03T23:24:31","guid":{"rendered":"https:\/\/gustavobargellini-libros.com.ar\/?page_id=65"},"modified":"2025-02-25T12:00:07","modified_gmt":"2025-02-25T11:00:07","slug":"tic-tac","status":"publish","type":"page","link":"https:\/\/gustavobargellini-libros.com.ar\/?page_id=65","title":{"rendered":"TIC-TAC"},"content":{"rendered":"\n<h1>\n\t\tNovela Policial Negra &#8211; Eugenia Dramonde I\n\t<\/h1>\n\t\t\t\t<img decoding=\"async\" src=\"http:\/\/gustavobargellini-libros.com.ar\/wp-content\/uploads\/2024\/09\/Tic-tac-Tapa-15-09-23_02.-Tapa.jpg\" alt=\"Tic tac - Tapa 15-09-23_02. Tapa\" itemprop=\"image\" title=\"Tic tac - Tapa 15-09-23_02. Tapa\" onerror=\"this.style.display='none'\"  \/>\n\t\t\t\t<img decoding=\"async\" src=\"http:\/\/gustavobargellini-libros.com.ar\/wp-content\/uploads\/2024\/09\/Tic-tac-Tapa-15-09-23_03.-Contratapa.jpg\" alt=\"Tic tac - Tapa 15-09-23_03. Contratapa\" itemprop=\"image\" title=\"Tic tac - Tapa 15-09-23_03. Contratapa\" onerror=\"this.style.display='none'\"  \/>\n\t<meta itemprop=\"url\" content=\"https:\/\/gustavobargellini-libros.com.ar\/wp-content\/uploads\/2024\/08\/OPINION-DE-AGUSTINA-COMPRESION-2.mp4\" \/><div style=\"width: 640px;\" class=\"wp-video\"><video class=\"wp-video-shortcode\" id=\"video-65-1\" width=\"640\" height=\"360\" preload=\"metadata\" controls=\"controls\"><source type=\"video\/mp4\" src=\"https:\/\/gustavobargellini-libros.com.ar\/wp-content\/uploads\/2024\/08\/OPINION-DE-AGUSTINA-COMPRESION-2.mp4?_=1\" \/><source type=\"video\/mp4\" src=\"https:\/\/gustavobargellini-libros.com.ar\/wp-content\/uploads\/2024\/08\/OPINION-DE-AGUSTINA-COMPRESION-2.mp4?_=1\" \/><a href=\"https:\/\/gustavobargellini-libros.com.ar\/wp-content\/uploads\/2024\/08\/OPINION-DE-AGUSTINA-COMPRESION-2.mp4\">https:\/\/gustavobargellini-libros.com.ar\/wp-content\/uploads\/2024\/08\/OPINION-DE-AGUSTINA-COMPRESION-2.mp4<\/a><\/video><\/div>\n\t<meta itemprop=\"url\" content=\"https:\/\/gustavobargellini-libros.com.ar\/wp-content\/uploads\/2024\/10\/video-de-Florencia-comprimido.mp4\" \/><div style=\"width: 640px;\" class=\"wp-video\"><video class=\"wp-video-shortcode\" id=\"video-65-2\" width=\"640\" height=\"360\" preload=\"metadata\" controls=\"controls\"><source type=\"video\/mp4\" src=\"https:\/\/gustavobargellini-libros.com.ar\/wp-content\/uploads\/2024\/10\/video-de-Florencia-comprimido.mp4?_=2\" \/><source type=\"video\/mp4\" src=\"https:\/\/gustavobargellini-libros.com.ar\/wp-content\/uploads\/2024\/10\/video-de-Florencia-comprimido.mp4?_=2\" \/><a href=\"https:\/\/gustavobargellini-libros.com.ar\/wp-content\/uploads\/2024\/10\/video-de-Florencia-comprimido.mp4\">https:\/\/gustavobargellini-libros.com.ar\/wp-content\/uploads\/2024\/10\/video-de-Florencia-comprimido.mp4<\/a><\/video><\/div>\n\t<meta itemprop=\"url\" content=\"https:\/\/gustavobargellini-libros.com.ar\/wp-content\/uploads\/2025\/01\/caro-flotandoentrelineas-tic-tac_qr0WBGge.mp4\" \/><div style=\"width: 640px;\" class=\"wp-video\"><video class=\"wp-video-shortcode\" id=\"video-65-3\" width=\"640\" height=\"360\" preload=\"metadata\" controls=\"controls\"><source type=\"video\/mp4\" src=\"https:\/\/gustavobargellini-libros.com.ar\/wp-content\/uploads\/2025\/01\/caro-flotandoentrelineas-tic-tac_qr0WBGge.mp4?_=3\" \/><source type=\"video\/mp4\" src=\"https:\/\/gustavobargellini-libros.com.ar\/wp-content\/uploads\/2025\/01\/caro-flotandoentrelineas-tic-tac_qr0WBGge.mp4?_=3\" \/><a href=\"https:\/\/gustavobargellini-libros.com.ar\/wp-content\/uploads\/2025\/01\/caro-flotandoentrelineas-tic-tac_qr0WBGge.mp4\">https:\/\/gustavobargellini-libros.com.ar\/wp-content\/uploads\/2025\/01\/caro-flotandoentrelineas-tic-tac_qr0WBGge.mp4<\/a><\/video><\/div>\n\t\t\t\t<img decoding=\"async\" src=\"http:\/\/gustavobargellini-libros.com.ar\/wp-content\/uploads\/2025\/01\/472216648_565511589715926_4609703434083858227_n.jpg\" alt=\"472216648_565511589715926_4609703434083858227_n\" itemprop=\"image\" title=\"472216648_565511589715926_4609703434083858227_n\" onerror=\"this.style.display='none'\"  \/>\n\t<p>&nbsp;<\/p>\n<p><a href=\"https:\/\/www.instagram.com\/flotandoentrelineas\/\">flotandoentrelineas<\/a><\/p>\n\u2728\ud83d\udcda Rese\u00f1a de Tic Tac<br \/>\nAutor:\u00a0<a href=\"https:\/\/www.instagram.com\/gustavobargellinilibros\/\">@gustavobargellinilibros<\/a>\n<p>Con este libro no puedo ser objetiva, y les explico por qu\u00e9: Tic Tac fue la novela que me sac\u00f3 de un bloqueo lector, algo que agradezco profundamente \ud83d\ude4f. Adem\u00e1s, estoy m\u00e1s que agradecida por haber colaborado con el autor, quien confi\u00f3 en mi y me dio la oportunidad de leer esta historia.<\/p>\n<p>La trama me fascin\u00f3 de principio a fin \ud83d\udd70\ufe0f\u2728. Fue una experiencia diferente, porque no suelo leer novelas con lenguaje argentino \ud83c\udde6\ud83c\uddf7, ya que la mayor\u00eda de mis lecturas tienen un espa\u00f1ol neutro. Sin embargo, las referencias locales le dieron un toque especial que disfrut\u00e9 much\u00edsimo.<\/p>\n<p>\ud83c\udf96\ufe0f Otro punto a destacar son los personajes, especialmente el cuerpo policial \ud83d\udc6e\u200d\u2642\ufe0f. En otras novelas del g\u00e9nero, los polic\u00edas suelen ser descuidados o un poco tontos, pero ac\u00e1 est\u00e1n muy bien desarrollados. Me encant\u00f3 c\u00f3mo conectaban las pistas y lo realista que fue su actuaci\u00f3n.<\/p>\n<p>Los giros de la trama al final fueron lo que realmente me dej\u00f3 sin palabras \ud83d\ude31\ud83d\udc4f. No me los vi venir, y fueron completamente inesperados, logrando que me enganchara a\u00fan m\u00e1s con la historia.<\/p>\n<p>Un detalle curioso: en medio de la tensi\u00f3n del relato, el autor incluye alguna que otra recetas que hace uno los protas\ud83c\udf72\ud83d\udc40. S\u00ed, \u00a1recetas! Aunque puede parecer que interrumpen la narrativa, en realidad me sacaron de la lectura en el buen sentido&#8230; \u00a1me daban hambre!<\/p>\n\ud83d\udcd6 \u00bfDe qu\u00e9 trata el libro?<br \/>\nLa historia sigue a un hombre marcado por una tragedia familiar devastadora: la muerte de su esposa e hija. Esta p\u00e9rdida lo lleva por un camino de venganza hacia los responsables, desarrollando escenas s\u00e1dicas que, dentro del contexto, est\u00e1n muy bien trabajadas. Tambi\u00e9n aborda temas psicol\u00f3gicos profundos que me resultaron muy interesantes.\n\ud83c\udf00 \u00bfQu\u00e9 decir del final?<br \/>\nEl desenlace tiene un toque novelesco, algo que generalmente no disfruto, pero ac\u00e1 fue manejado con cierta sutileza que me termin\u00f3 gustando. Es dif\u00edcil explicar sin dar spoilers, pero definitivamente fue un cierre que, aunque diferente, me dej\u00f3 satisfecha.<br \/>\nEn resumen: Tic Tac es un libro que recomiendo a quienes lean policiales y est\u00e9n abiertos a un lenguaje argentinizado. Si te gustan las historias intensasy con giros inesperados\n\t\t\t\t<img decoding=\"async\" src=\"http:\/\/gustavobargellini-libros.com.ar\/wp-content\/uploads\/2025\/02\/TIC-TAC-PALABRAS-LIBRES.jpeg\" alt=\"TIC-TAC - PALABRAS LIBRES\" itemprop=\"image\" title=\"TIC-TAC - PALABRAS LIBRES\" onerror=\"this.style.display='none'\"  \/>\n\t\t\t\t<img decoding=\"async\" src=\"http:\/\/gustavobargellini-libros.com.ar\/wp-content\/uploads\/2025\/02\/atenea-jpg.jpg\" alt=\"atenea jpg\" itemprop=\"image\" title=\"atenea jpg\" onerror=\"this.style.display='none'\"  \/>\n\n","protected":false},"excerpt":{"rendered":"<p>Novela Policial Negra &#8211; Eugenia Dramonde I &nbsp; flotandoentrelineas \u2728\ud83d\udcda Rese\u00f1a de Tic Tac Autor:\u00a0@gustavobargellinilibros Con este libro no puedo ser objetiva, y les explico por qu\u00e9: Tic Tac fue la novela que me sac\u00f3 de un bloqueo lector, algo que agradezco profundamente \ud83d\ude4f. Adem\u00e1s, estoy m\u00e1s que agradecida por haber colaborado con el autor, [&hellip;]<\/p>\n","protected":false},"author":1,"featured_media":0,"parent":0,"menu_order":0,"comment_status":"closed","ping_status":"closed","template":"","meta":{"_monsterinsights_skip_tracking":false,"_monsterinsights_sitenote_active":false,"_monsterinsights_sitenote_note":"","_monsterinsights_sitenote_category":0,"site-sidebar-layout":"default","site-content-layout":"","ast-site-content-layout":"default","site-content-style":"default","site-sidebar-style":"default","ast-global-header-display":"","ast-banner-title-visibility":"","ast-main-header-display":"","ast-hfb-above-header-display":"","ast-hfb-below-header-display":"","ast-hfb-mobile-header-display":"","site-post-title":"","ast-breadcrumbs-content":"","ast-featured-img":"","footer-sml-layout":"","ast-disable-related-posts":"","theme-transparent-header-meta":"","adv-header-id-meta":"","stick-header-meta":"","header-above-stick-meta":"","header-main-stick-meta":"","header-below-stick-meta":"","astra-migrate-meta-layouts":"default","ast-page-background-enabled":"default","ast-page-background-meta":{"desktop":{"background-color":"var(--ast-global-color-4)","background-image":"","background-repeat":"repeat","background-position":"center center","background-size":"auto","background-attachment":"scroll","background-type":"","background-media":"","overlay-type":"","overlay-color":"","overlay-opacity":"","overlay-gradient":""},"tablet":{"background-color":"","background-image":"","background-repeat":"repeat","background-position":"center center","background-size":"auto","background-attachment":"scroll","background-type":"","background-media":"","overlay-type":"","overlay-color":"","overlay-opacity":"","overlay-gradient":""},"mobile":{"background-color":"","background-image":"","background-repeat":"repeat","background-position":"center center","background-size":"auto","background-attachment":"scroll","background-type":"","background-media":"","overlay-type":"","overlay-color":"","overlay-opacity":"","overlay-gradient":""}},"ast-content-background-meta":{"desktop":{"background-color":"var(--ast-global-color-5)","background-image":"","background-repeat":"repeat","background-position":"center center","background-size":"auto","background-attachment":"scroll","background-type":"","background-media":"","overlay-type":"","overlay-color":"","overlay-opacity":"","overlay-gradient":""},"tablet":{"background-color":"var(--ast-global-color-5)","background-image":"","background-repeat":"repeat","background-position":"center center","background-size":"auto","background-attachment":"scroll","background-type":"","background-media":"","overlay-type":"","overlay-color":"","overlay-opacity":"","overlay-gradient":""},"mobile":{"background-color":"var(--ast-global-color-5)","background-image":"","background-repeat":"repeat","background-position":"center center","background-size":"auto","background-attachment":"scroll","background-type":"","background-media":"","overlay-type":"","overlay-color":"","overlay-opacity":"","overlay-gradient":""}},"footnotes":""},"class_list":["post-65","page","type-page","status-publish","hentry"],"_links":{"self":[{"href":"https:\/\/gustavobargellini-libros.com.ar\/index.php?rest_route=\/wp\/v2\/pages\/65","targetHints":{"allow":["GET"]}}],"collection":[{"href":"https:\/\/gustavobargellini-libros.com.ar\/index.php?rest_route=\/wp\/v2\/pages"}],"about":[{"href":"https:\/\/gustavobargellini-libros.com.ar\/index.php?rest_route=\/wp\/v2\/types\/page"}],"author":[{"embeddable":true,"href":"https:\/\/gustavobargellini-libros.com.ar\/index.php?rest_route=\/wp\/v2\/users\/1"}],"replies":[{"embeddable":true,"href":"https:\/\/gustavobargellini-libros.com.ar\/index.php?rest_route=%2Fwp%2Fv2%2Fcomments&post=65"}],"version-history":[{"count":48,"href":"https:\/\/gustavobargellini-libros.com.ar\/index.php?rest_route=\/wp\/v2\/pages\/65\/revisions"}],"predecessor-version":[{"id":645,"href":"https:\/\/gustavobargellini-libros.com.ar\/index.php?rest_route=\/wp\/v2\/pages\/65\/revisions\/645"}],"wp:attachment":[{"href":"https:\/\/gustavobargellini-libros.com.ar\/index.php?rest_route=%2Fwp%2Fv2%2Fmedia&parent=65"}],"curies":[{"name":"wp","href":"https:\/\/api.w.org\/{rel}","templated":true}]}}