{"id":63,"date":"2023-12-04T00:24:05","date_gmt":"2023-12-03T23:24:05","guid":{"rendered":"https:\/\/gustavobargellini-libros.com.ar\/?page_id=63"},"modified":"2024-12-24T15:34:00","modified_gmt":"2024-12-24T14:34:00","slug":"visitantes","status":"publish","type":"page","link":"https:\/\/gustavobargellini-libros.com.ar\/?page_id=63","title":{"rendered":"VISITANTES"},"content":{"rendered":"\n<h1>\n\t\tNovela de Ficci\u00f3n Ut\u00f3pica\n\t<\/h1>\n\t\t\t\t<img decoding=\"async\" src=\"http:\/\/gustavobargellini-libros.com.ar\/wp-content\/uploads\/2024\/09\/visitantes-captura.jpg\" alt=\"visitantes captura\" itemprop=\"image\" title=\"visitantes captura\" onerror=\"this.style.display='none'\"  \/>\n\t\t\t\t<img decoding=\"async\" src=\"http:\/\/gustavobargellini-libros.com.ar\/wp-content\/uploads\/2024\/09\/01-CONTRATAPA-DE-VISITANTES.jpg\" alt=\"01-CONTRATAPA DE VISITANTES\" itemprop=\"image\" title=\"01-CONTRATAPA DE VISITANTES\" onerror=\"this.style.display='none'\"  \/>\n\t<meta itemprop=\"url\" content=\"https:\/\/gustavobargellini-libros.com.ar\/wp-content\/uploads\/2024\/12\/RESENA-DE-VISITANTES.mp4\" \/><div style=\"width: 640px;\" class=\"wp-video\"><video class=\"wp-video-shortcode\" id=\"video-63-1\" width=\"640\" height=\"360\" preload=\"metadata\" controls=\"controls\"><source type=\"video\/mp4\" src=\"https:\/\/gustavobargellini-libros.com.ar\/wp-content\/uploads\/2024\/12\/RESENA-DE-VISITANTES.mp4?_=1\" \/><source type=\"video\/mp4\" src=\"https:\/\/gustavobargellini-libros.com.ar\/wp-content\/uploads\/2024\/12\/RESENA-DE-VISITANTES.mp4?_=1\" \/><a href=\"https:\/\/gustavobargellini-libros.com.ar\/wp-content\/uploads\/2024\/12\/RESENA-DE-VISITANTES.mp4\">https:\/\/gustavobargellini-libros.com.ar\/wp-content\/uploads\/2024\/12\/RESENA-DE-VISITANTES.mp4<\/a><\/video><\/div>\n<h2>\n\t\tAlgunos comentarios\n\t<\/h2>\n\t<p><strong>Critico literario<\/strong><\/p>\n<p>&#8220;Visitantes es una novela que combina acci\u00f3n, aventura, romance y reflexi\u00f3n. Es una novela que nos invita a imaginar un mundo mejor y a luchar por \u00e9l. Es una novela que nos muestra los valores de la solidaridad, la libertad, la justicia y la paz. Es una novela que nos hace pensar en el poder del amor y la esperanza.<\/p>\n<p>Visitantes es una novela que merece ser le\u00edda y disfrutada por todos los amantes de la ciencia ficci\u00f3n. Es una novela que tiene un ritmo \u00e1gil, una trama original y unos personajes entra\u00f1ables. Es una novela que tiene un mensaje positivo y alentador. Es una novela que es una propuesta interesante y novedosa.&#8221;<\/p>\n\t<p><strong>Una lectora<\/strong><\/p>\n<p>&#8220;Hola, termine de el libro Visitantes hace un tiempito, me encant\u00f3, lo disfrut\u00e9 mucho y me da pena que ya se me haya terminado. La tem\u00e1tica es muy entusiasmante y el libro esta narrado de forma que te atrapa la trama. Me gust\u00f3 mucho.&#8221;<\/p>\n<p>Carolina<\/p>\n\t<p><strong>Critico literario<\/strong><\/p>\n<p>Visitantes es una novela de Gustavo Bargellini, arquitecto y escritor argentino. Es una ficci\u00f3n ut\u00f3pica que critica la sociedad actual de 2020 e imagina un mundo futuro donde no hay dinero, ni l\u00edderes, ni religiones organizadas, ni fronteras, ni diferencias entre los seres humanos. La novela fue publicada en 2022 por Autores de Argentina y se puede adquirir online en formato digital o f\u00edsico123. La novela tambi\u00e9n explora el tema de la guerra, ya que el mundo ut\u00f3pico se ve amenazado por el regreso de los Grises, una facci\u00f3n que quiere restaurar el viejo orden. Los protagonistas de la novela son los Visitantes, seres misteriosos que vienen de otra dimensi\u00f3n para ayudar a la raza humana. La novela ha sido elogiada por su originalidad, creatividad y visi\u00f3n de una posible alternativa a los escenarios dist\u00f3picos que son comunes en la literatura contempor\u00e1nea.<\/p>\n\t\t\t\t<img decoding=\"async\" src=\"http:\/\/gustavobargellini-libros.com.ar\/wp-content\/uploads\/2024\/01\/critica-de-Camila-SIN-NOMBRE.jpg\" alt=\"critica de Camila SIN NOMBRE\" itemprop=\"image\" title=\"critica de Camila SIN NOMBRE\" onerror=\"this.style.display='none'\"  \/>\n\t\t\t\t<img decoding=\"async\" src=\"http:\/\/gustavobargellini-libros.com.ar\/wp-content\/uploads\/2024\/03\/paravisitantes.jpg\" alt=\"paravisitantes\" itemprop=\"image\" title=\"paravisitantes\" onerror=\"this.style.display='none'\"  \/>\n\t\t\t<a href=\"https:\/\/gustavobargellini-libros.com.ar\/\" target=\"_self\">\n\t\t\t\t\t\t\tvolver al inicio\n\t\t\t\t\t<\/a>\n\n","protected":false},"excerpt":{"rendered":"<p>Novela de Ficci\u00f3n Ut\u00f3pica Algunos comentarios Critico literario &#8220;Visitantes es una novela que combina acci\u00f3n, aventura, romance y reflexi\u00f3n. Es una novela que nos invita a imaginar un mundo mejor y a luchar por \u00e9l. Es una novela que nos muestra los valores de la solidaridad, la libertad, la justicia y la paz. Es una [&hellip;]<\/p>\n","protected":false},"author":1,"featured_media":0,"parent":0,"menu_order":0,"comment_status":"closed","ping_status":"closed","template":"","meta":{"_monsterinsights_skip_tracking":false,"_monsterinsights_sitenote_active":false,"_monsterinsights_sitenote_note":"","_monsterinsights_sitenote_category":0,"site-sidebar-layout":"default","site-content-layout":"","ast-site-content-layout":"default","site-content-style":"default","site-sidebar-style":"default","ast-global-header-display":"","ast-banner-title-visibility":"","ast-main-header-display":"","ast-hfb-above-header-display":"","ast-hfb-below-header-display":"","ast-hfb-mobile-header-display":"","site-post-title":"","ast-breadcrumbs-content":"","ast-featured-img":"","footer-sml-layout":"","ast-disable-related-posts":"","theme-transparent-header-meta":"","adv-header-id-meta":"","stick-header-meta":"","header-above-stick-meta":"","header-main-stick-meta":"","header-below-stick-meta":"","astra-migrate-meta-layouts":"default","ast-page-background-enabled":"default","ast-page-background-meta":{"desktop":{"background-color":"var(--ast-global-color-4)","background-image":"","background-repeat":"repeat","background-position":"center center","background-size":"auto","background-attachment":"scroll","background-type":"","background-media":"","overlay-type":"","overlay-color":"","overlay-opacity":"","overlay-gradient":""},"tablet":{"background-color":"","background-image":"","background-repeat":"repeat","background-position":"center center","background-size":"auto","background-attachment":"scroll","background-type":"","background-media":"","overlay-type":"","overlay-color":"","overlay-opacity":"","overlay-gradient":""},"mobile":{"background-color":"","background-image":"","background-repeat":"repeat","background-position":"center center","background-size":"auto","background-attachment":"scroll","background-type":"","background-media":"","overlay-type":"","overlay-color":"","overlay-opacity":"","overlay-gradient":""}},"ast-content-background-meta":{"desktop":{"background-color":"var(--ast-global-color-5)","background-image":"","background-repeat":"repeat","background-position":"center center","background-size":"auto","background-attachment":"scroll","background-type":"","background-media":"","overlay-type":"","overlay-color":"","overlay-opacity":"","overlay-gradient":""},"tablet":{"background-color":"var(--ast-global-color-5)","background-image":"","background-repeat":"repeat","background-position":"center center","background-size":"auto","background-attachment":"scroll","background-type":"","background-media":"","overlay-type":"","overlay-color":"","overlay-opacity":"","overlay-gradient":""},"mobile":{"background-color":"var(--ast-global-color-5)","background-image":"","background-repeat":"repeat","background-position":"center center","background-size":"auto","background-attachment":"scroll","background-type":"","background-media":"","overlay-type":"","overlay-color":"","overlay-opacity":"","overlay-gradient":""}},"footnotes":""},"class_list":["post-63","page","type-page","status-publish","hentry"],"_links":{"self":[{"href":"https:\/\/gustavobargellini-libros.com.ar\/index.php?rest_route=\/wp\/v2\/pages\/63","targetHints":{"allow":["GET"]}}],"collection":[{"href":"https:\/\/gustavobargellini-libros.com.ar\/index.php?rest_route=\/wp\/v2\/pages"}],"about":[{"href":"https:\/\/gustavobargellini-libros.com.ar\/index.php?rest_route=\/wp\/v2\/types\/page"}],"author":[{"embeddable":true,"href":"https:\/\/gustavobargellini-libros.com.ar\/index.php?rest_route=\/wp\/v2\/users\/1"}],"replies":[{"embeddable":true,"href":"https:\/\/gustavobargellini-libros.com.ar\/index.php?rest_route=%2Fwp%2Fv2%2Fcomments&post=63"}],"version-history":[{"count":26,"href":"https:\/\/gustavobargellini-libros.com.ar\/index.php?rest_route=\/wp\/v2\/pages\/63\/revisions"}],"predecessor-version":[{"id":586,"href":"https:\/\/gustavobargellini-libros.com.ar\/index.php?rest_route=\/wp\/v2\/pages\/63\/revisions\/586"}],"wp:attachment":[{"href":"https:\/\/gustavobargellini-libros.com.ar\/index.php?rest_route=%2Fwp%2Fv2%2Fmedia&parent=63"}],"curies":[{"name":"wp","href":"https:\/\/api.w.org\/{rel}","templated":true}]}}