{"id":38,"date":"2023-12-03T00:08:53","date_gmt":"2023-12-02T23:08:53","guid":{"rendered":"https:\/\/gustavobargellini-libros.com.ar\/?page_id=38"},"modified":"2024-12-24T16:05:15","modified_gmt":"2024-12-24T15:05:15","slug":"contacto","status":"publish","type":"page","link":"https:\/\/gustavobargellini-libros.com.ar\/?page_id=38","title":{"rendered":"CONTACTO"},"content":{"rendered":"\n<h1>\n\t\tContacto\n\t<\/h1>\n\t<p>No agregu\u00e9 ning\u00fan &#8220;Formulario de contacto&#8221; de esos que te piden datos que tal vez no te interese dar.<\/p>\n<p>Me parece m\u00e1s humano escribirnos.<\/p>\n<p>Te dejo mis medios para contactarnos.<\/p>\n<p>Mi celular para escribirme por wasap es:<\/p>\n<p>2966 638118<\/p>\n<p>Mail: bargeprivado@gmail.com<\/p>\n<p>\u00a1Saludos!<\/p>\n\t\t\t<a href=\"https:\/\/gustavobargellini-libros.com.ar\/\" target=\"_self\">\n\t\t\t\t\t\t\tVolver al inicio\n\t\t\t\t\t<\/a>\n\n","protected":false},"excerpt":{"rendered":"<p>Contacto No agregu\u00e9 ning\u00fan &#8220;Formulario de contacto&#8221; de esos que te piden datos que tal vez no te interese dar. Me parece m\u00e1s humano escribirnos. Te dejo mis medios para contactarnos. Mi celular para escribirme por wasap es: 2966 638118 Mail: bargeprivado@gmail.com \u00a1Saludos! Volver al inicio<\/p>\n","protected":false},"author":1,"featured_media":0,"parent":0,"menu_order":0,"comment_status":"closed","ping_status":"closed","template":"","meta":{"_monsterinsights_skip_tracking":false,"_monsterinsights_sitenote_active":false,"_monsterinsights_sitenote_note":"","_monsterinsights_sitenote_category":0,"site-sidebar-layout":"no-sidebar","site-content-layout":"","ast-site-content-layout":"full-width-container","site-content-style":"default","site-sidebar-style":"default","ast-global-header-display":"","ast-banner-title-visibility":"","ast-main-header-display":"","ast-hfb-above-header-display":"","ast-hfb-below-header-display":"","ast-hfb-mobile-header-display":"","site-post-title":"disabled","ast-breadcrumbs-content":"","ast-featured-img":"disabled","footer-sml-layout":"","ast-disable-related-posts":"","theme-transparent-header-meta":"","adv-header-id-meta":"","stick-header-meta":"","header-above-stick-meta":"","header-main-stick-meta":"","header-below-stick-meta":"","astra-migrate-meta-layouts":"default","ast-page-background-enabled":"default","ast-page-background-meta":{"desktop":{"background-color":"var(--ast-global-color-4)","background-image":"","background-repeat":"repeat","background-position":"center center","background-size":"auto","background-attachment":"scroll","background-type":"","background-media":"","overlay-type":"","overlay-color":"","overlay-opacity":"","overlay-gradient":""},"tablet":{"background-color":"","background-image":"","background-repeat":"repeat","background-position":"center center","background-size":"auto","background-attachment":"scroll","background-type":"","background-media":"","overlay-type":"","overlay-color":"","overlay-opacity":"","overlay-gradient":""},"mobile":{"background-color":"","background-image":"","background-repeat":"repeat","background-position":"center center","background-size":"auto","background-attachment":"scroll","background-type":"","background-media":"","overlay-type":"","overlay-color":"","overlay-opacity":"","overlay-gradient":""}},"ast-content-background-meta":{"desktop":{"background-color":"var(--ast-global-color-5)","background-image":"","background-repeat":"repeat","background-position":"center center","background-size":"auto","background-attachment":"scroll","background-type":"","background-media":"","overlay-type":"","overlay-color":"","overlay-opacity":"","overlay-gradient":""},"tablet":{"background-color":"var(--ast-global-color-5)","background-image":"","background-repeat":"repeat","background-position":"center center","background-size":"auto","background-attachment":"scroll","background-type":"","background-media":"","overlay-type":"","overlay-color":"","overlay-opacity":"","overlay-gradient":""},"mobile":{"background-color":"var(--ast-global-color-5)","background-image":"","background-repeat":"repeat","background-position":"center center","background-size":"auto","background-attachment":"scroll","background-type":"","background-media":"","overlay-type":"","overlay-color":"","overlay-opacity":"","overlay-gradient":""}},"footnotes":""},"class_list":["post-38","page","type-page","status-publish","hentry"],"_links":{"self":[{"href":"https:\/\/gustavobargellini-libros.com.ar\/index.php?rest_route=\/wp\/v2\/pages\/38","targetHints":{"allow":["GET"]}}],"collection":[{"href":"https:\/\/gustavobargellini-libros.com.ar\/index.php?rest_route=\/wp\/v2\/pages"}],"about":[{"href":"https:\/\/gustavobargellini-libros.com.ar\/index.php?rest_route=\/wp\/v2\/types\/page"}],"author":[{"embeddable":true,"href":"https:\/\/gustavobargellini-libros.com.ar\/index.php?rest_route=\/wp\/v2\/users\/1"}],"replies":[{"embeddable":true,"href":"https:\/\/gustavobargellini-libros.com.ar\/index.php?rest_route=%2Fwp%2Fv2%2Fcomments&post=38"}],"version-history":[{"count":11,"href":"https:\/\/gustavobargellini-libros.com.ar\/index.php?rest_route=\/wp\/v2\/pages\/38\/revisions"}],"predecessor-version":[{"id":597,"href":"https:\/\/gustavobargellini-libros.com.ar\/index.php?rest_route=\/wp\/v2\/pages\/38\/revisions\/597"}],"wp:attachment":[{"href":"https:\/\/gustavobargellini-libros.com.ar\/index.php?rest_route=%2Fwp%2Fv2%2Fmedia&parent=38"}],"curies":[{"name":"wp","href":"https:\/\/api.w.org\/{rel}","templated":true}]}}