{"id":290,"date":"2024-02-13T15:29:49","date_gmt":"2024-02-13T14:29:49","guid":{"rendered":"https:\/\/gustavobargellini-libros.com.ar\/?page_id=290"},"modified":"2024-09-24T17:19:52","modified_gmt":"2024-09-24T15:19:52","slug":"luis-pellanda","status":"publish","type":"page","link":"https:\/\/gustavobargellini-libros.com.ar\/?page_id=290","title":{"rendered":"LUIS PELLANDA"},"content":{"rendered":"\n\n\t\t\t\t<img decoding=\"async\" src=\"http:\/\/gustavobargellini-libros.com.ar\/wp-content\/uploads\/2024\/03\/autor.jpg\" alt=\"autor\" itemprop=\"image\" title=\"autor\" onerror=\"this.style.display='none'\"  \/>\n\t<p><strong>BIOGRAF\u00cdA<\/strong><\/p>\n<p>Luis A. Pellanda naci\u00f3 en Rosario, provincia de Santa fe en 1961. Estudi\u00f3 en la Universidad CAECE, Buenos Aires, obteniendo en 1987 el t\u00edtulo de Licenciado en Ciencias Biol\u00f3gicas, con orientaci\u00f3n en Biolog\u00eda Molecular. Despu\u00e9s trabaj\u00f3 como personal cient\u00edfico-t\u00e9cnico en la provincia de Santa Cruz dedic\u00e1ndose a la biolog\u00eda pesquera y a la docencia. Actualmente vive con su familia en Puerto Santa Cruz. Desde su incorporaci\u00f3n en el cat\u00e1logo de la Editorial Autores de Argentina, en el a\u00f1o 2021, ha publicado las novelas El r\u00edo de la sangre (2021), Sangre Cautiva (2022) y En el pellejo del viento (2023). Inscripta en el g\u00e9nero policial, su obra eslabona sus conocimientos profesionales con el misterio y la investigaci\u00f3n criminal, dotando a sus relatos de una trama vertiginosa y atrapante.<\/p>\n<h2>E-mail: <a href=\"mailto:pellandaluis@hotmail.com\">pellandaluis@hotmail.com<\/a> \/ <a href=\"mailto:pellandaluis@gmail.com\">pellandaluis@gmail.com<\/a><\/h2>\n<p>Facebook\/ Instagram: Luis Pellanda<\/p>\n<p>Whatsapp: 2966 448379<\/p>\n\t<h1>LIBROS<\/h1>\n\t<p><strong>R\u00cdO DE LA SANGRE<\/strong><\/p>\n<p>Sinopsis<\/p>\n<p>&nbsp;<\/p>\nLa noche rasgada cubre con su manto oscuro parte de la superficie helada del r\u00edo, pero deja ver all\u00ed, justo donde ilumina la blanca luz de una luna menguante, un rastro de sangre que se pierde en las sombras. La aparici\u00f3n de varios cad\u00e1veres en la ciudad de Buenos Aires pone a la Teniente de Homicidios Luc\u00eda Morales tras la pista de una red internacional que trafica en forma ilegal una sustancia, creada por manipulaci\u00f3n gen\u00e9tica, que tiene consecuencias mortales en los seres humanos.<br \/>\nLa bi\u00f3loga molecular Patricia G\u00f3mez-Ruiz, nacida en Catalu\u00f1a, se infiltra en la organizaci\u00f3n responsable del contrabando con un oculto deseo que la lleva por un camino de persecuci\u00f3n y muerte cambi\u00e1ndole la\u00a0 vida para siempre.<br \/>\nAmbas mujeres se enfrentan a la ambiciosa y manipuladora Jazm\u00edn La Bell, quien no se detendr\u00e1 hasta cumplir su inescrupuloso plan. Luc\u00eda pone en juego toda su habilidad para poder capturar a su presa mientras Patricia debe confrontar los fantasmas de su pasado en una lucha que la coloca sobre la delgada l\u00ednea entre la justicia y la venganza.\n\t\t\t\t<img decoding=\"async\" src=\"http:\/\/gustavobargellini-libros.com.ar\/wp-content\/uploads\/2024\/03\/el-rio-de-la-sangre.jpg\" alt=\"el rio de la sangre\" itemprop=\"image\" title=\"el rio de la sangre\" onerror=\"this.style.display='none'\"  \/>\n\t<p><strong>SANGRE CAUTIVA<\/strong><\/p>\n<p>Sinopsis<\/p>\n<p>&nbsp;<\/p>\nEl cad\u00e1ver mutilado de una mujer aparece en el cementerio de la ciudad de Azul, en la provincia de Buenos Aires. La teniente de homicidios Luc\u00eda Morales se hace cargo de la investigaci\u00f3n del crimen. Las pistas la llevar\u00e1n a sospechar que se trata de un asesinato ritual cometido por una milenaria secta secreta cuyos prop\u00f3sitos son inimaginables.<br \/>\nEn esta secuela de El r\u00edo de la sangre, el autor termina de atar los cabos sueltos, pero nos sumerge en una nueva trama de impunidad, muerte y misterio hasta llevarnos al sorprendente final.\n\t\t\t\t<img decoding=\"async\" src=\"http:\/\/gustavobargellini-libros.com.ar\/wp-content\/uploads\/2024\/03\/sangre-cautiva.jpg\" alt=\"sangre cautiva\" itemprop=\"image\" title=\"sangre cautiva\" onerror=\"this.style.display='none'\"  \/>\n\t<p><strong>EN EL PELLEJO DEL VIENTO<\/strong><\/p>\n<p>Sinopsis<\/p>\n<p>&nbsp;<\/p>\n<p>La antigua mansi\u00f3n Casa de brumas, en una isla de la Patagonia, encierra un pasado y un presente de horrendos cr\u00edmenes y misteriosas desapariciones, ligados a una herencia maldita. El inter\u00e9s de un antrop\u00f3logo forense por descubrir su origen, ir\u00e1 atando los eslabones del espacio y del tiempo hasta conformar un circulo en donde se confunden el bien y el mal, el principio y el fin.<\/p>\n<p>Una ficci\u00f3n de amor y misterio que nos lleva desde los tr\u00e1gicos sucesos de las huelgas patag\u00f3nicas que conmovieron al Territorio de Santa Cruz en el a\u00f1o 1921 hasta el presente.<\/p>\n<p>La inh\u00f3spita estepa que domina el paisaje de nuestro sur austral, azotado por el fr\u00edo y persistente viento, es el escenario en donde se entreteje la historia de Jhonatan Brighton y Brunella Clinsboro, unidos por los lazos de un maleficio sangriento que trasciende el tiempo, hasta llegar en la actualidad, a Alejandro Saavedra y a Muriel Brighton, que no permanecer\u00e1n inmunes a su temible influjo.<\/p>\n\t\t\t\t<img decoding=\"async\" src=\"http:\/\/gustavobargellini-libros.com.ar\/wp-content\/uploads\/2024\/03\/EN-EL-PELLEJO-DEL-VIENTO.jpg\" alt=\"EN EL PELLEJO DEL VIENTO\" itemprop=\"image\" title=\"EN EL PELLEJO DEL VIENTO\" onerror=\"this.style.display='none'\"  \/>\n\t<p><strong>C\u00d3MO ADQUIRIR MIS LIBROS:<\/strong><\/p>\n<p>&nbsp;<\/p>\n<p>Libro f\u00edsico: Editorial Autores de Argentina. Malabia 1270, CP 1414 CABA.<\/p>\n<p>Librer\u00eda Sarmiento, Av. San Mart\u00edn 153, Puerto Santa Cruz, Santa Cruz.<\/p>\n<p>Borgone Libros, Av. 21 de Noviembre 178, Cmte. Luis Piedra Buena, Santa Cruz.<\/p>\n<p>Mercado Libre.<\/p>\n<p>&nbsp;<\/p>\n<p>Libro digital: R\u00edo de la sangre y Sangre Cautiva<\/p>\n<p>(Amazon, Google Books, Bajalibros).<\/p>\n<p>&nbsp;<\/p>\n<p>Pedidos especiales:<\/p>\n<p>Whatsapp: 2966 448379<\/p>\n<p>Luis Pellanda (Facebook, Instagram).<\/p>\n<p>E-mail: pellandaluis@hotmail.com<\/p>\n\t\t\t<a href=\"https:\/\/gustavobargellini-libros.com.ar\/\" target=\"_self\" rel=\"noopener\">\n\t\t\t\t\t\t\tVolver al Inicio\n\t\t\t\t\t<\/a>\n\n","protected":false},"excerpt":{"rendered":"<p>BIOGRAF\u00cdA Luis A. Pellanda naci\u00f3 en Rosario, provincia de Santa fe en 1961. Estudi\u00f3 en la Universidad CAECE, Buenos Aires, obteniendo en 1987 el t\u00edtulo de Licenciado en Ciencias Biol\u00f3gicas, con orientaci\u00f3n en Biolog\u00eda Molecular. Despu\u00e9s trabaj\u00f3 como personal cient\u00edfico-t\u00e9cnico en la provincia de Santa Cruz dedic\u00e1ndose a la biolog\u00eda pesquera y a la docencia. [&hellip;]<\/p>\n","protected":false},"author":1,"featured_media":0,"parent":0,"menu_order":0,"comment_status":"closed","ping_status":"closed","template":"","meta":{"_monsterinsights_skip_tracking":false,"_monsterinsights_sitenote_active":false,"_monsterinsights_sitenote_note":"","_monsterinsights_sitenote_category":0,"site-sidebar-layout":"default","site-content-layout":"","ast-site-content-layout":"default","site-content-style":"default","site-sidebar-style":"default","ast-global-header-display":"","ast-banner-title-visibility":"","ast-main-header-display":"","ast-hfb-above-header-display":"","ast-hfb-below-header-display":"","ast-hfb-mobile-header-display":"","site-post-title":"","ast-breadcrumbs-content":"","ast-featured-img":"","footer-sml-layout":"","ast-disable-related-posts":"","theme-transparent-header-meta":"","adv-header-id-meta":"","stick-header-meta":"","header-above-stick-meta":"","header-main-stick-meta":"","header-below-stick-meta":"","astra-migrate-meta-layouts":"default","ast-page-background-enabled":"default","ast-page-background-meta":{"desktop":{"background-color":"var(--ast-global-color-4)","background-image":"","background-repeat":"repeat","background-position":"center center","background-size":"auto","background-attachment":"scroll","background-type":"","background-media":"","overlay-type":"","overlay-color":"","overlay-opacity":"","overlay-gradient":""},"tablet":{"background-color":"","background-image":"","background-repeat":"repeat","background-position":"center center","background-size":"auto","background-attachment":"scroll","background-type":"","background-media":"","overlay-type":"","overlay-color":"","overlay-opacity":"","overlay-gradient":""},"mobile":{"background-color":"","background-image":"","background-repeat":"repeat","background-position":"center center","background-size":"auto","background-attachment":"scroll","background-type":"","background-media":"","overlay-type":"","overlay-color":"","overlay-opacity":"","overlay-gradient":""}},"ast-content-background-meta":{"desktop":{"background-color":"var(--ast-global-color-5)","background-image":"","background-repeat":"repeat","background-position":"center center","background-size":"auto","background-attachment":"scroll","background-type":"","background-media":"","overlay-type":"","overlay-color":"","overlay-opacity":"","overlay-gradient":""},"tablet":{"background-color":"var(--ast-global-color-5)","background-image":"","background-repeat":"repeat","background-position":"center center","background-size":"auto","background-attachment":"scroll","background-type":"","background-media":"","overlay-type":"","overlay-color":"","overlay-opacity":"","overlay-gradient":""},"mobile":{"background-color":"var(--ast-global-color-5)","background-image":"","background-repeat":"repeat","background-position":"center center","background-size":"auto","background-attachment":"scroll","background-type":"","background-media":"","overlay-type":"","overlay-color":"","overlay-opacity":"","overlay-gradient":""}},"footnotes":""},"class_list":["post-290","page","type-page","status-publish","hentry"],"_links":{"self":[{"href":"https:\/\/gustavobargellini-libros.com.ar\/index.php?rest_route=\/wp\/v2\/pages\/290","targetHints":{"allow":["GET"]}}],"collection":[{"href":"https:\/\/gustavobargellini-libros.com.ar\/index.php?rest_route=\/wp\/v2\/pages"}],"about":[{"href":"https:\/\/gustavobargellini-libros.com.ar\/index.php?rest_route=\/wp\/v2\/types\/page"}],"author":[{"embeddable":true,"href":"https:\/\/gustavobargellini-libros.com.ar\/index.php?rest_route=\/wp\/v2\/users\/1"}],"replies":[{"embeddable":true,"href":"https:\/\/gustavobargellini-libros.com.ar\/index.php?rest_route=%2Fwp%2Fv2%2Fcomments&post=290"}],"version-history":[{"count":9,"href":"https:\/\/gustavobargellini-libros.com.ar\/index.php?rest_route=\/wp\/v2\/pages\/290\/revisions"}],"predecessor-version":[{"id":501,"href":"https:\/\/gustavobargellini-libros.com.ar\/index.php?rest_route=\/wp\/v2\/pages\/290\/revisions\/501"}],"wp:attachment":[{"href":"https:\/\/gustavobargellini-libros.com.ar\/index.php?rest_route=%2Fwp%2Fv2%2Fmedia&parent=290"}],"curies":[{"name":"wp","href":"https:\/\/api.w.org\/{rel}","templated":true}]}}