{"id":185,"date":"2023-12-13T15:15:17","date_gmt":"2023-12-13T14:15:17","guid":{"rendered":"https:\/\/gustavobargellini-libros.com.ar\/?page_id=185"},"modified":"2023-12-14T12:12:26","modified_gmt":"2023-12-14T11:12:26","slug":"luis-ferrarassi","status":"publish","type":"page","link":"https:\/\/gustavobargellini-libros.com.ar\/?page_id=185","title":{"rendered":"LUIS FERRARASSI"},"content":{"rendered":"\n<h1>\n\t\tLuis Ferrarassi\n\t<\/h1>\n\t<p><em>Luis Ferrarassi, naci\u00f3 en C\u00f3rdoba Capital en 1985 y se mud\u00f3 a R\u00edo Gallegos en 2007.<\/em><\/p>\n<p><em>Public\u00f3 &#8220;Ruinas del alma&#8221; (cuentos, 2009), producto del premio del certamen municipal Mi Primer Libro. &#8220;La Santa Cruz de Hielo&#8221; (novela, 2017), resultante del certamen<\/em><\/p>\n<p><em>provincial Autores N\u00f3veles de 2015. &#8220;La ciudad, despu\u00e9s&#8230;&#8221; (cuentos y microrrelatos, 2020, digital) y &#8220;La tempestad es ma\u00f1ana&#8221; (cuentos y microrrelatos, 2022).<\/em><\/p>\n<p><em>Fue seleccionado en tres ocasiones para representar a Santa Cruz en la Feria Internacional del Libro de Buenos Aires en 2010,2017 y 2022, a la vez que represent\u00f3 a su provincia en el ciclo Patagonia Lee 2021 y en 2022 en las Ferias Virtuales de M\u00e9xico y<\/em><\/p>\n<p><em>Colombia.<\/em><\/p>\n<p><em>Particip\u00f3 de las siguientes antolog\u00edas: &#8220;\u00a1Basta, 100 hombres contra la violencia de g\u00e9nero&#8221; (Macedonia Ediciones, 2016), &#8220;Los Libros de Charlie&#8221; (Palacio Cultural de San Luis, 2018), &#8220;Aurora de autor&#8221; y &#8220;Cuentos escondidos&#8221; (Editorial Dunken, 2020) y &#8220;Mixturas, R\u00edo Gallegos Escribe&#8221; (Remitente<\/em><\/p>\n<p><em>Patagonia, 2023), donde adem\u00e1s actu\u00f3 como editor y dise\u00f1ador de interior.<\/em><\/p>\n<p><em>Participa de la revista-libro La Rama y<\/em><\/p>\n<p><em>desde 2017 a la fecha brinda talleres narrativos y charlas.<\/em><\/p>\n\t\t\t<a href=\"https:\/\/luiseferrarassi.blogspot.com\/?m=1\" target=\"_blank\" rel=\"noopener\">\n\t\t\t\t\t\t\tBlog de Luis Ferrarassi\n\t\t\t\t\t<\/a>\n\t\t\t\t<img decoding=\"async\" src=\"http:\/\/gustavobargellini-libros.com.ar\/wp-content\/uploads\/2023\/12\/santa-cruz-de-hielo-II.jpg\" alt=\"santa cruz de hielo II\" itemprop=\"image\" title=\"santa cruz de hielo II\" onerror=\"this.style.display='none'\"  \/>\n\t\t\t\t<img decoding=\"async\" src=\"http:\/\/gustavobargellini-libros.com.ar\/wp-content\/uploads\/2023\/12\/ruinas-del-alma.jpg\" alt=\"ruinas del alma\" itemprop=\"image\" title=\"ruinas del alma\" onerror=\"this.style.display='none'\"  \/>\n\t\t\t\t<img decoding=\"async\" src=\"http:\/\/gustavobargellini-libros.com.ar\/wp-content\/uploads\/2023\/12\/la-tempestad-es-manana.jpg\" alt=\"la tempestad es ma\u00f1ana\" itemprop=\"image\" title=\"la tempestad es ma\u00f1ana\" onerror=\"this.style.display='none'\"  \/>\n\t\t\t<a href=\"https:\/\/gustavobargellini-libros.com.ar\/\" target=\"_self\" rel=\"noopener\">\n\t\t\t\t\t\t\tVolver al Inicio\n\t\t\t\t\t<\/a>\n\n","protected":false},"excerpt":{"rendered":"<p>Luis Ferrarassi Luis Ferrarassi, naci\u00f3 en C\u00f3rdoba Capital en 1985 y se mud\u00f3 a R\u00edo Gallegos en 2007. Public\u00f3 &#8220;Ruinas del alma&#8221; (cuentos, 2009), producto del premio del certamen municipal Mi Primer Libro. &#8220;La Santa Cruz de Hielo&#8221; (novela, 2017), resultante del certamen provincial Autores N\u00f3veles de 2015. &#8220;La ciudad, despu\u00e9s&#8230;&#8221; (cuentos y microrrelatos, 2020, [&hellip;]<\/p>\n","protected":false},"author":1,"featured_media":0,"parent":0,"menu_order":0,"comment_status":"closed","ping_status":"closed","template":"","meta":{"_monsterinsights_skip_tracking":false,"_monsterinsights_sitenote_active":false,"_monsterinsights_sitenote_note":"","_monsterinsights_sitenote_category":0,"site-sidebar-layout":"default","site-content-layout":"","ast-site-content-layout":"default","site-content-style":"default","site-sidebar-style":"default","ast-global-header-display":"","ast-banner-title-visibility":"","ast-main-header-display":"","ast-hfb-above-header-display":"","ast-hfb-below-header-display":"","ast-hfb-mobile-header-display":"","site-post-title":"","ast-breadcrumbs-content":"","ast-featured-img":"","footer-sml-layout":"","ast-disable-related-posts":"","theme-transparent-header-meta":"","adv-header-id-meta":"","stick-header-meta":"","header-above-stick-meta":"","header-main-stick-meta":"","header-below-stick-meta":"","astra-migrate-meta-layouts":"default","ast-page-background-enabled":"default","ast-page-background-meta":{"desktop":{"background-color":"var(--ast-global-color-4)","background-image":"","background-repeat":"repeat","background-position":"center center","background-size":"auto","background-attachment":"scroll","background-type":"","background-media":"","overlay-type":"","overlay-color":"","overlay-opacity":"","overlay-gradient":""},"tablet":{"background-color":"","background-image":"","background-repeat":"repeat","background-position":"center center","background-size":"auto","background-attachment":"scroll","background-type":"","background-media":"","overlay-type":"","overlay-color":"","overlay-opacity":"","overlay-gradient":""},"mobile":{"background-color":"","background-image":"","background-repeat":"repeat","background-position":"center center","background-size":"auto","background-attachment":"scroll","background-type":"","background-media":"","overlay-type":"","overlay-color":"","overlay-opacity":"","overlay-gradient":""}},"ast-content-background-meta":{"desktop":{"background-color":"var(--ast-global-color-5)","background-image":"","background-repeat":"repeat","background-position":"center center","background-size":"auto","background-attachment":"scroll","background-type":"","background-media":"","overlay-type":"","overlay-color":"","overlay-opacity":"","overlay-gradient":""},"tablet":{"background-color":"var(--ast-global-color-5)","background-image":"","background-repeat":"repeat","background-position":"center center","background-size":"auto","background-attachment":"scroll","background-type":"","background-media":"","overlay-type":"","overlay-color":"","overlay-opacity":"","overlay-gradient":""},"mobile":{"background-color":"var(--ast-global-color-5)","background-image":"","background-repeat":"repeat","background-position":"center center","background-size":"auto","background-attachment":"scroll","background-type":"","background-media":"","overlay-type":"","overlay-color":"","overlay-opacity":"","overlay-gradient":""}},"footnotes":""},"class_list":["post-185","page","type-page","status-publish","hentry"],"_links":{"self":[{"href":"https:\/\/gustavobargellini-libros.com.ar\/index.php?rest_route=\/wp\/v2\/pages\/185","targetHints":{"allow":["GET"]}}],"collection":[{"href":"https:\/\/gustavobargellini-libros.com.ar\/index.php?rest_route=\/wp\/v2\/pages"}],"about":[{"href":"https:\/\/gustavobargellini-libros.com.ar\/index.php?rest_route=\/wp\/v2\/types\/page"}],"author":[{"embeddable":true,"href":"https:\/\/gustavobargellini-libros.com.ar\/index.php?rest_route=\/wp\/v2\/users\/1"}],"replies":[{"embeddable":true,"href":"https:\/\/gustavobargellini-libros.com.ar\/index.php?rest_route=%2Fwp%2Fv2%2Fcomments&post=185"}],"version-history":[{"count":12,"href":"https:\/\/gustavobargellini-libros.com.ar\/index.php?rest_route=\/wp\/v2\/pages\/185\/revisions"}],"predecessor-version":[{"id":208,"href":"https:\/\/gustavobargellini-libros.com.ar\/index.php?rest_route=\/wp\/v2\/pages\/185\/revisions\/208"}],"wp:attachment":[{"href":"https:\/\/gustavobargellini-libros.com.ar\/index.php?rest_route=%2Fwp%2Fv2%2Fmedia&parent=185"}],"curies":[{"name":"wp","href":"https:\/\/api.w.org\/{rel}","templated":true}]}}